{"id":19,"date":"2022-04-16T07:24:50","date_gmt":"2022-04-16T05:24:50","guid":{"rendered":"http:\/\/serwer139106.lh.pl\/?page_id=19"},"modified":"2023-01-31T09:58:21","modified_gmt":"2023-01-31T08:58:21","slug":"strona-glowna","status":"publish","type":"page","link":"https:\/\/www.guth-bauservice.de\/?page_id=19","title":{"rendered":"Startseite"},"content":{"rendered":"\n<p>Willkommen!<\/p>\n\n\n\n<p>Wir besch\u00e4ftigen uns mit der Renovierung von H\u00e4usern\/Wohnungen \u201eschl\u00fcsselfertig\u201c. <\/p>\n\n\n\n<p>Wir befassen uns mit Bauarbeiten, die den Umbau, die Renovierung, den Abriss oder die Montage eines Bauobjekts beinhalten. <\/p>\n\n\n\n<p>Wir besch\u00e4ftigen uns auch mit Innenausbau, wir machen solche Arbeiten wie &#8211; Dachdecker- und Zimmererarbeiten -Fachwerkh\u00e4user, Holzterrassen &#8211; Zimmererarbeiten (Schuppen, Pavillons) -Montage von T\u00fcren und Fenstern &#8211; Erhebungen &#8211; Gips-, Zement- und Lehmputze &#8211; Trockenbau -Fliesen, Laminat, Parkett &#8211; Streichen, Tapezieren &#8211; Pflastersteine \u200b\u200bverlegen Professionalit\u00e4t. Langj\u00e4hrige Erfahrung.<\/p>\n<div class=\"pvc_clear\"><\/div><p id=\"pvc_stats_19\" class=\"pvc_stats total_only  \" data-element-id=\"19\" style=\"\"><i class=\"pvc-stats-icon small\" aria-hidden=\"true\"><svg aria-hidden=\"true\" focusable=\"false\" data-prefix=\"far\" data-icon=\"chart-bar\" role=\"img\" xmlns=\"http:\/\/www.w3.org\/2000\/svg\" viewBox=\"0 0 512 512\" class=\"svg-inline--fa fa-chart-bar fa-w-16 fa-2x\"><path fill=\"currentColor\" d=\"M396.8 352h22.4c6.4 0 12.8-6.4 12.8-12.8V108.8c0-6.4-6.4-12.8-12.8-12.8h-22.4c-6.4 0-12.8 6.4-12.8 12.8v230.4c0 6.4 6.4 12.8 12.8 12.8zm-192 0h22.4c6.4 0 12.8-6.4 12.8-12.8V140.8c0-6.4-6.4-12.8-12.8-12.8h-22.4c-6.4 0-12.8 6.4-12.8 12.8v198.4c0 6.4 6.4 12.8 12.8 12.8zm96 0h22.4c6.4 0 12.8-6.4 12.8-12.8V204.8c0-6.4-6.4-12.8-12.8-12.8h-22.4c-6.4 0-12.8 6.4-12.8 12.8v134.4c0 6.4 6.4 12.8 12.8 12.8zM496 400H48V80c0-8.84-7.16-16-16-16H16C7.16 64 0 71.16 0 80v336c0 17.67 14.33 32 32 32h464c8.84 0 16-7.16 16-16v-16c0-8.84-7.16-16-16-16zm-387.2-48h22.4c6.4 0 12.8-6.4 12.8-12.8v-70.4c0-6.4-6.4-12.8-12.8-12.8h-22.4c-6.4 0-12.8 6.4-12.8 12.8v70.4c0 6.4 6.4 12.8 12.8 12.8z\" class=\"\"><\/path><\/svg><\/i> <img loading=\"lazy\" decoding=\"async\" width=\"16\" height=\"16\" alt=\"Loading\" src=\"https:\/\/www.guth-bauservice.de\/wp-content\/plugins\/page-views-count\/ajax-loader-2x.gif\" border=0 \/><\/p><div class=\"pvc_clear\"><\/div>","protected":false},"excerpt":{"rendered":"<p>Willkommen! Wir besch\u00e4ftigen uns mit der Renovierung von H\u00e4usern\/Wohnungen \u201eschl\u00fcsselfertig\u201c. Wir befassen uns mit Bauarbeiten, die den Umbau, die Renovierung, den Abriss oder die Montage eines Bauobjekts beinhalten. Wir besch\u00e4ftigen uns auch mit Innenausbau, wir machen solche Arbeiten wie &#8211; Dachdecker- und Zimmererarbeiten -Fachwerkh\u00e4user, Holzterrassen &#8211; Zimmererarbeiten (Schuppen, Pavillons) -Montage von T\u00fcren und Fenstern &#8211; [&hellip;]<\/p>\n","protected":false},"author":1,"featured_media":0,"parent":0,"menu_order":1,"comment_status":"closed","ping_status":"closed","template":"","meta":{"pgc_sgb_lightbox_settings":"","footnotes":""},"class_list":["post-19","page","type-page","status-publish","hentry"],"a3_pvc":{"activated":true,"total_views":203,"today_views":0},"_links":{"self":[{"href":"https:\/\/www.guth-bauservice.de\/index.php?rest_route=\/wp\/v2\/pages\/19","targetHints":{"allow":["GET"]}}],"collection":[{"href":"https:\/\/www.guth-bauservice.de\/index.php?rest_route=\/wp\/v2\/pages"}],"about":[{"href":"https:\/\/www.guth-bauservice.de\/index.php?rest_route=\/wp\/v2\/types\/page"}],"author":[{"embeddable":true,"href":"https:\/\/www.guth-bauservice.de\/index.php?rest_route=\/wp\/v2\/users\/1"}],"replies":[{"embeddable":true,"href":"https:\/\/www.guth-bauservice.de\/index.php?rest_route=%2Fwp%2Fv2%2Fcomments&post=19"}],"version-history":[{"count":3,"href":"https:\/\/www.guth-bauservice.de\/index.php?rest_route=\/wp\/v2\/pages\/19\/revisions"}],"predecessor-version":[{"id":73,"href":"https:\/\/www.guth-bauservice.de\/index.php?rest_route=\/wp\/v2\/pages\/19\/revisions\/73"}],"wp:attachment":[{"href":"https:\/\/www.guth-bauservice.de\/index.php?rest_route=%2Fwp%2Fv2%2Fmedia&parent=19"}],"curies":[{"name":"wp","href":"https:\/\/api.w.org\/{rel}","templated":true}]}}